{"id":925,"date":"2020-02-17T05:19:12","date_gmt":"2020-03-22T20:37:49","guid":{"rendered":"https:\/\/www.louelauto.com\/?post_type=product&#038;p=925"},"modified":"2020-03-22T20:37:49","modified_gmt":"2020-03-22T20:37:49","slug":"assurance-dommages","status":"publish","type":"product","link":"https:\/\/www.louelauto.com\/fr\/produit\/assurance-dommages\/","title":{"rendered":"Assurance Dommages"},"content":{"rendered":"<p>Roulez avec l&#8217;esprit tranquille. Ajouter l&#8217;assurance dommage \u00e0 votre location de v\u00e9hicule et soyez rassur\u00e9s que vous \u00eates couverts dans le cas ou il y a un accident durant leDrive with an ease of mind. Get coverage for your rental vehicle in case anything is to happen during your rental period.<\/p>\n","protected":false},"excerpt":{"rendered":"<p>Roulez avec l&#8217;esprit tranquille. Ajouter l&#8217;assurance dommage \u00e0 votre location de v\u00e9hicule et soyez rassur\u00e9s que vous \u00eates couverts dans le cas ou il y a un accident durant leDrive with an ease of mind. Get coverage for your rental vehicle in case anything is to happen during your rental period.<\/p>\n","protected":false},"featured_media":875,"template":"","meta":{"_acf_changed":false},"product_brand":[],"product_cat":[],"product_tag":[],"class_list":{"0":"post-925","1":"product","2":"type-product","3":"status-publish","4":"has-post-thumbnail","7":"first","8":"instock","9":"taxable","10":"shipping-taxable","11":"purchasable","12":"product-type-car_option"},"acf":[],"_links":{"self":[{"href":"https:\/\/www.louelauto.com\/fr\/wp-json\/wp\/v2\/product\/925","targetHints":{"allow":["GET"]}}],"collection":[{"href":"https:\/\/www.louelauto.com\/fr\/wp-json\/wp\/v2\/product"}],"about":[{"href":"https:\/\/www.louelauto.com\/fr\/wp-json\/wp\/v2\/types\/product"}],"wp:featuredmedia":[{"embeddable":true,"href":"https:\/\/www.louelauto.com\/fr\/wp-json\/wp\/v2\/media\/875"}],"wp:attachment":[{"href":"https:\/\/www.louelauto.com\/fr\/wp-json\/wp\/v2\/media?parent=925"}],"wp:term":[{"taxonomy":"product_brand","embeddable":true,"href":"https:\/\/www.louelauto.com\/fr\/wp-json\/wp\/v2\/product_brand?post=925"},{"taxonomy":"product_cat","embeddable":true,"href":"https:\/\/www.louelauto.com\/fr\/wp-json\/wp\/v2\/product_cat?post=925"},{"taxonomy":"product_tag","embeddable":true,"href":"https:\/\/www.louelauto.com\/fr\/wp-json\/wp\/v2\/product_tag?post=925"}],"curies":[{"name":"wp","href":"https:\/\/api.w.org\/{rel}","templated":true}]}}