{"id":711,"date":"2020-01-01T12:25:26","date_gmt":"2017-01-09T12:25:26","guid":{"rendered":"https:\/\/www.louelauto.com\/product\/premium-suv\/"},"modified":"2026-02-24T20:55:18","modified_gmt":"2026-02-24T20:55:18","slug":"vus-de-luxe","status":"publish","type":"product","link":"https:\/\/www.louelauto.com\/fr\/produit\/vus-de-luxe\/","title":{"rendered":"PICK UP 4&#215;4"},"content":{"rendered":"","protected":false},"excerpt":{"rendered":"<p><strong>Condition d&#8217;\u00e2ge<\/strong> : Les locataires doivent \u00eatre \u00e2g\u00e9s de 25 ans ou plus.<\/p>\n<p><strong>Exigence d&#8217;assurance<\/strong> : Les locataires doivent \u00eatre tenus d&#8217;avoir leur propre police d&#8217;assurance (Avenant FAQ 20-27).<\/p>\n<ul>\n<li><span class=\"Y2IQFc\" lang=\"fr\"><strong>Kilom\u00e9trage limit\u00e9:<\/strong> s\u2019applique aux voitures sp\u00e9cialis\u00e9es, aux v\u00e9hicules de luxe, aux gros SUV ou aux fourgonnettes commerciales. Appelez pour plus de d\u00e9tails (option illimit\u00e9e disponible sur demande) <\/span><\/li>\n<li><span class=\"Y2IQFc\" lang=\"fr\"><strong>Frais de d\u00e9passement de limite:<\/strong> Si vous d\u00e9passez la limite autoris\u00e9e, attendez-vous \u00e0 des frais d&#8217;environ 0,10 $ \u00e0 0,25 $ pour chaque kilom\u00e8tre suppl\u00e9mentaire.<\/span><\/li>\n<\/ul>\n","protected":false},"featured_media":1008,"template":"","meta":{"_acf_changed":false},"product_brand":[],"product_cat":[39,41],"product_tag":[],"class_list":{"0":"post-711","1":"product","2":"type-product","3":"status-publish","4":"has-post-thumbnail","6":"product_cat-luxe","7":"product_cat-vus","9":"first","10":"instock","11":"taxable","12":"shipping-taxable","13":"purchasable","14":"product-type-variable"},"acf":[],"_links":{"self":[{"href":"https:\/\/www.louelauto.com\/fr\/wp-json\/wp\/v2\/product\/711","targetHints":{"allow":["GET"]}}],"collection":[{"href":"https:\/\/www.louelauto.com\/fr\/wp-json\/wp\/v2\/product"}],"about":[{"href":"https:\/\/www.louelauto.com\/fr\/wp-json\/wp\/v2\/types\/product"}],"wp:featuredmedia":[{"embeddable":true,"href":"https:\/\/www.louelauto.com\/fr\/wp-json\/wp\/v2\/media\/1008"}],"wp:attachment":[{"href":"https:\/\/www.louelauto.com\/fr\/wp-json\/wp\/v2\/media?parent=711"}],"wp:term":[{"taxonomy":"product_brand","embeddable":true,"href":"https:\/\/www.louelauto.com\/fr\/wp-json\/wp\/v2\/product_brand?post=711"},{"taxonomy":"product_cat","embeddable":true,"href":"https:\/\/www.louelauto.com\/fr\/wp-json\/wp\/v2\/product_cat?post=711"},{"taxonomy":"product_tag","embeddable":true,"href":"https:\/\/www.louelauto.com\/fr\/wp-json\/wp\/v2\/product_tag?post=711"}],"curies":[{"name":"wp","href":"https:\/\/api.w.org\/{rel}","templated":true}]}}