{"id":704,"date":"2020-01-06T11:45:01","date_gmt":"2017-01-16T11:45:01","guid":{"rendered":"https:\/\/www.louelauto.com\/product\/additional-driver\/"},"modified":"2026-02-01T13:34:52","modified_gmt":"2026-02-01T13:34:52","slug":"vus-intermediaire","status":"publish","type":"product","link":"https:\/\/www.louelauto.com\/fr\/produit\/vus-intermediaire\/","title":{"rendered":"VUS Interm\u00e9diaire"},"content":{"rendered":"","protected":false},"excerpt":{"rendered":"<p><strong>Condition d&#8217;\u00e2ge<\/strong> : Les locataires doivent \u00eatre \u00e2g\u00e9s de 25 ans ou plus.<\/p>\n<p><strong>Exigence d&#8217;assurance<\/strong> : Les locataires doivent \u00eatre tenus d&#8217;avoir leur propre police d&#8217;assurance (Avenant FAQ 20-27).<\/p>\n","protected":false},"featured_media":1807,"template":"","meta":{"_acf_changed":false},"product_brand":[],"product_cat":[41],"product_tag":[],"class_list":{"0":"post-704","1":"product","2":"type-product","3":"status-publish","4":"has-post-thumbnail","6":"product_cat-vus","8":"first","9":"instock","10":"taxable","11":"shipping-taxable","12":"purchasable","13":"product-type-variable"},"acf":[],"_links":{"self":[{"href":"https:\/\/www.louelauto.com\/fr\/wp-json\/wp\/v2\/product\/704","targetHints":{"allow":["GET"]}}],"collection":[{"href":"https:\/\/www.louelauto.com\/fr\/wp-json\/wp\/v2\/product"}],"about":[{"href":"https:\/\/www.louelauto.com\/fr\/wp-json\/wp\/v2\/types\/product"}],"wp:featuredmedia":[{"embeddable":true,"href":"https:\/\/www.louelauto.com\/fr\/wp-json\/wp\/v2\/media\/1807"}],"wp:attachment":[{"href":"https:\/\/www.louelauto.com\/fr\/wp-json\/wp\/v2\/media?parent=704"}],"wp:term":[{"taxonomy":"product_brand","embeddable":true,"href":"https:\/\/www.louelauto.com\/fr\/wp-json\/wp\/v2\/product_brand?post=704"},{"taxonomy":"product_cat","embeddable":true,"href":"https:\/\/www.louelauto.com\/fr\/wp-json\/wp\/v2\/product_cat?post=704"},{"taxonomy":"product_tag","embeddable":true,"href":"https:\/\/www.louelauto.com\/fr\/wp-json\/wp\/v2\/product_tag?post=704"}],"curies":[{"name":"wp","href":"https:\/\/api.w.org\/{rel}","templated":true}]}}