{"id":2005,"date":"2025-08-24T21:01:11","date_gmt":"2025-08-24T21:01:11","guid":{"rendered":"https:\/\/www.louelauto.com\/?post_type=product&#038;p=2005"},"modified":"2026-01-26T20:01:22","modified_gmt":"2026-01-26T20:01:22","slug":"luxe-copy-copy","status":"publish","type":"product","link":"https:\/\/www.louelauto.com\/fr\/produit\/luxe-copy-copy\/","title":{"rendered":"Jeep 4&#215;4"},"content":{"rendered":"","protected":false},"excerpt":{"rendered":"<p><strong>Condition d&#8217;\u00e2ge<\/strong> : Les locataires doivent \u00eatre \u00e2g\u00e9s de 25 ans ou plus.<\/p>\n<p><strong>Exigence d&#8217;assurance<\/strong> : Les locataires doivent \u00eatre tenus d&#8217;avoir leur propre police d&#8217;assurance (Avenant FAQ 20-27)<\/p>\n","protected":false},"featured_media":2008,"template":"","meta":{"_acf_changed":false},"product_brand":[],"product_cat":[39,41],"product_tag":[],"class_list":{"0":"post-2005","1":"product","2":"type-product","3":"status-publish","4":"has-post-thumbnail","6":"product_cat-luxe","7":"product_cat-vus","9":"first","10":"instock","11":"taxable","12":"shipping-taxable","13":"purchasable","14":"product-type-variable"},"acf":[],"_links":{"self":[{"href":"https:\/\/www.louelauto.com\/fr\/wp-json\/wp\/v2\/product\/2005","targetHints":{"allow":["GET"]}}],"collection":[{"href":"https:\/\/www.louelauto.com\/fr\/wp-json\/wp\/v2\/product"}],"about":[{"href":"https:\/\/www.louelauto.com\/fr\/wp-json\/wp\/v2\/types\/product"}],"wp:featuredmedia":[{"embeddable":true,"href":"https:\/\/www.louelauto.com\/fr\/wp-json\/wp\/v2\/media\/2008"}],"wp:attachment":[{"href":"https:\/\/www.louelauto.com\/fr\/wp-json\/wp\/v2\/media?parent=2005"}],"wp:term":[{"taxonomy":"product_brand","embeddable":true,"href":"https:\/\/www.louelauto.com\/fr\/wp-json\/wp\/v2\/product_brand?post=2005"},{"taxonomy":"product_cat","embeddable":true,"href":"https:\/\/www.louelauto.com\/fr\/wp-json\/wp\/v2\/product_cat?post=2005"},{"taxonomy":"product_tag","embeddable":true,"href":"https:\/\/www.louelauto.com\/fr\/wp-json\/wp\/v2\/product_tag?post=2005"}],"curies":[{"name":"wp","href":"https:\/\/api.w.org\/{rel}","templated":true}]}}