{"id":1966,"date":"2019-08-04T09:18:54","date_gmt":"2025-08-04T09:18:58","guid":{"rendered":"https:\/\/www.louelauto.com\/?post_type=product&#038;p=1966"},"modified":"2026-02-24T20:38:54","modified_gmt":"2026-02-24T20:38:54","slug":"standard-copy","status":"publish","type":"product","link":"https:\/\/www.louelauto.com\/fr\/produit\/standard-copy\/","title":{"rendered":"Mini-Fourgonnette"},"content":{"rendered":"","protected":false},"excerpt":{"rendered":"<p><span class=\"Y2IQFc\" lang=\"fr\"><strong>Condition d&#8217;\u00e2ge<\/strong>: les locataires doivent \u00eatre \u00e2g\u00e9s de 25 ans ou plus. <\/span><\/p>\n<p><span class=\"Y2IQFc\" lang=\"fr\"><strong>Exigence d&#8217;assurance<\/strong>: Voir d\u00e9tail en magasin.<br \/>\n<\/span><\/p>\n<ul>\n<li><span class=\"Y2IQFc\" lang=\"fr\"><strong>Kilom\u00e9trage limit\u00e9:<\/strong> s\u2019applique aux voitures sp\u00e9cialis\u00e9es, aux v\u00e9hicules de luxe, aux gros SUV ou aux fourgonnettes commerciales. Appelez pour plus de d\u00e9tails (option illimit\u00e9e disponible sur demande) <\/span><\/li>\n<li><span class=\"Y2IQFc\" lang=\"fr\"><strong>Frais de d\u00e9passement de limite<\/strong>: Si vous d\u00e9passez la limite autoris\u00e9e, attendez-vous \u00e0 des frais d&#8217;environ 0,10 $ \u00e0 0,25 $ pour chaque kilom\u00e8tre suppl\u00e9mentaire.<\/span><\/li>\n<\/ul>\n","protected":false},"featured_media":1810,"template":"","meta":{"_acf_changed":false},"product_brand":[],"product_cat":[40],"product_tag":[],"class_list":{"0":"post-1966","1":"product","2":"type-product","3":"status-publish","4":"has-post-thumbnail","6":"product_cat-fourgonnette","8":"first","9":"instock","10":"taxable","11":"shipping-taxable","12":"purchasable","13":"product-type-variable","14":"has-default-attributes"},"acf":[],"_links":{"self":[{"href":"https:\/\/www.louelauto.com\/fr\/wp-json\/wp\/v2\/product\/1966","targetHints":{"allow":["GET"]}}],"collection":[{"href":"https:\/\/www.louelauto.com\/fr\/wp-json\/wp\/v2\/product"}],"about":[{"href":"https:\/\/www.louelauto.com\/fr\/wp-json\/wp\/v2\/types\/product"}],"wp:featuredmedia":[{"embeddable":true,"href":"https:\/\/www.louelauto.com\/fr\/wp-json\/wp\/v2\/media\/1810"}],"wp:attachment":[{"href":"https:\/\/www.louelauto.com\/fr\/wp-json\/wp\/v2\/media?parent=1966"}],"wp:term":[{"taxonomy":"product_brand","embeddable":true,"href":"https:\/\/www.louelauto.com\/fr\/wp-json\/wp\/v2\/product_brand?post=1966"},{"taxonomy":"product_cat","embeddable":true,"href":"https:\/\/www.louelauto.com\/fr\/wp-json\/wp\/v2\/product_cat?post=1966"},{"taxonomy":"product_tag","embeddable":true,"href":"https:\/\/www.louelauto.com\/fr\/wp-json\/wp\/v2\/product_tag?post=1966"}],"curies":[{"name":"wp","href":"https:\/\/api.w.org\/{rel}","templated":true}]}}