{"id":645,"date":"2019-07-10T14:30:38","date_gmt":"2019-07-10T14:30:38","guid":{"rendered":"https:\/\/www.louelauto.com\/?page_id=645"},"modified":"2025-12-18T18:38:28","modified_gmt":"2025-12-18T18:38:28","slug":"accueil","status":"publish","type":"page","link":"https:\/\/www.louelauto.com\/fr\/","title":{"rendered":"Accueil"},"content":{"rendered":"<div class=\"wpb-content-wrapper\"><p>[vc_row full_width=&#8221;stretch_row&#8221; content_placement=&#8221;middle&#8221; css_animation=&#8221;flipInY&#8221; css=&#8221;.vc_custom_1766083092040{margin-bottom: 30px !important;padding-top: 120px !important;padding-bottom: 70px !important;background: #e5e5e5 url(https:\/\/www.louelauto.com\/wp-content\/uploads\/2025\/12\/louehero.jpg?id=2134) !important;background-position: center !important;background-repeat: no-repeat !important;background-size: cover !important;}&#8221; el_class=&#8221;stm-background-centered&#8221;][vc_column width=&#8221;5\/12&#8243; offset=&#8221;vc_col-lg-12 vc_col-md-12 vc_col-xs-12&#8243;][stm_rent_car_form disable_saturday=&#8221;enable&#8221; disable_sunday=&#8221;pickup&#8221; align=&#8221;text-center&#8221; disable_weekends=&#8221;true&#8221; office_right=&#8221;true&#8221; office_working_hours=&#8221;08:30, 09:00, 10:00, 11:00, 12:00, 13:00, 14:00, 15:00, 16:00, 17:00&#8243; office_weekends_working_hours=&#8221;9:00, 10:00, 11:00, 12:00, 13:00, 14:00, 15:00, 16:00, 17:00&#8243;][\/vc_column][\/vc_row][vc_row full_width=&#8221;stretch_row&#8221; content_placement=&#8221;middle&#8221; css_animation=&#8221;flipInY&#8221; disable_element=&#8221;yes&#8221; css=&#8221;.vc_custom_1578473802774{margin-bottom: 30px !important;padding-top: 120px !important;padding-bottom: 70px !important;background: #e5e5e5 url(https:\/\/www.louelauto.com\/wp-content\/uploads\/2019\/07\/shutterstock_517237099-3.jpg?id=500) !important;background-position: center !important;background-repeat: no-repeat !important;background-size: cover !important;}&#8221; el_class=&#8221;stm-background-centered&#8221;][vc_column width=&#8221;1\/2&#8243;][stm_rent_car_form office_working_hours=&#8221;07:30, 08:00, 09:00, 10:00, 11:00, 12:00, 13:00, 14:00, 15:00, 16:00, 17:00, 17:30&#8243;][\/vc_column][vc_column width=&#8221;1\/2&#8243;][vc_column_text]<\/p>\n<h3 style=\"text-align: center;\">Quality Car Rental Service<\/h3>\n<h3 style=\"text-align: center;\">At The Lowest Prices!<\/h3>\n<p>[\/vc_column_text][stm_icon_button align=&#8221;center&#8221; box_bg_color=&#8221;#273f44&#8243; box_text_color=&#8221;#ffffff&#8221; link=&#8221;url:%23vehicles|title:Find%20Your%20Vehicle||&#8221;][\/vc_column][\/vc_row][vc_row full_width=&#8221;stretch_row&#8221; css_animation=&#8221;flipInY&#8221; disable_element=&#8221;yes&#8221; css=&#8221;.vc_custom_1578657595468{margin-bottom: 30px !important;padding-top: 170px !important;padding-bottom: 160px !important;background: #e5e5e5 url(https:\/\/www.louelauto.com\/wp-content\/uploads\/2019\/07\/shutterstock_517237099-3.jpg?id=500) !important;}&#8221; el_class=&#8221;stm-background-centered&#8221;][vc_column width=&#8221;1\/2&#8243;][vc_column_text]<\/p>\n<h3 style=\"text-align: center;\">Location de V\u00e9hicule<\/h3>\n<h3 style=\"text-align: center;\">Aux Meilleurs Prix!<\/h3>\n<p>[\/vc_column_text][stm_icon_button align=&#8221;center&#8221; box_bg_color=&#8221;#273f44&#8243; box_text_color=&#8221;#ffffff&#8221; link=&#8221;url:%23service|title:Choisir%20Votre%20V\u00e9hicle||&#8221;][\/vc_column][vc_column width=&#8221;1\/2&#8243;][\/vc_column][\/vc_row][vc_row css=&#8221;.vc_custom_1562600092671{margin-bottom: 47px !important;}&#8221; el_id=&#8221;whyus&#8221;][vc_column][vc_custom_heading text=&#8221;POURQUOI LOUE L&#8217;AUTO&#8221; font_container=&#8221;tag:h2|font_size:30px|text_align:center|color:%23273f44|line_height:50px&#8221; use_theme_fonts=&#8221;yes&#8221; css=&#8221;.vc_custom_1484196241978{margin-bottom: 53px !important;}&#8221;][vc_row_inner][vc_column_inner width=&#8221;1\/4&#8243;][stm_icon_box title_holder=&#8221;h4&#8243; box_bg_color=&#8221;#ffffff&#8221; box_text_color=&#8221;#888888&#8243; box_text_color_hover=&#8221;#6e6e6e&#8221; icon_bg_color=&#8221;#3bd100&#8243; icon=&#8221;stm-rental-thumbs_rent&#8221; icon_color=&#8221;#ffffff&#8221; title=&#8221;Service Personnalis\u00e9&#8221; css=&#8221;.vc_custom_1562707163293{padding-top: 0px !important;padding-right: 0px !important;padding-bottom: 0px !important;padding-left: 0px !important;}&#8221; icon_size=&#8221;31&#8243; line_height=&#8221;20&#8243;]<\/p>\n<p style=\"line-height: 20px;\">\u00c0 Loue L&#8217;Auto, vous trouverez un service the location de voiture personnalis\u00e9 et sans soucis. Nous valorisons tous nos clients pour assurer leur satisfaction compl\u00e8te!<\/p>\n<p>[\/stm_icon_box][\/vc_column_inner][vc_column_inner width=&#8221;1\/4&#8243;][stm_icon_box title_holder=&#8221;h4&#8243; box_bg_color=&#8221;#ffffff&#8221; box_text_color=&#8221;#888888&#8243; box_text_color_hover=&#8221;#6e6e6e&#8221; icon_bg_color=&#8221;#3bd100&#8243; icon=&#8221;stm-rental-medal_rent&#8221; icon_color=&#8221;#ffffff&#8221; title=&#8221;V\u00e9hicules Neuves et de Qualit\u00e9&#8221; css=&#8221;.vc_custom_1562707321691{padding-top: 0px !important;padding-right: 0px !important;padding-bottom: 0px !important;padding-left: 0px !important;}&#8221; icon_size=&#8221;31&#8243; line_height=&#8221;20&#8243;]<\/p>\n<p style=\"line-height: 20px;\">Ayez l&#8217;esprit tranquille avec nos voiture de location! Pour assurer votre s\u00e9curit\u00e9 et une exp\u00e9rience de location de v\u00e9hicule sans probl\u00e8me, nous offrons des voitures neuves, aux\u00a0fonctionnalit\u00e9s que vous attendez des voitures de l\u2019ann\u00e9e en cours. Nos voitures sont g\u00e9n\u00e9ralement \u00e2g\u00e9es de moins d&#8217;une ann\u00e9e!<\/p>\n<p>[\/stm_icon_box][\/vc_column_inner][vc_column_inner width=&#8221;1\/4&#8243;][stm_icon_box title_holder=&#8221;h4&#8243; box_bg_color=&#8221;#ffffff&#8221; box_text_color=&#8221;#888888&#8243; box_text_color_hover=&#8221;#6e6e6e&#8221; icon_bg_color=&#8221;#3bd100&#8243; icon=&#8221;stm-service-icon-shield-o&#8221; icon_color=&#8221;#ffffff&#8221; title=&#8221;Voiture de Remplacement&#8221; css=&#8221;.vc_custom_1562707800015{padding-top: 0px !important;padding-right: 0px !important;padding-bottom: 0px !important;padding-left: 0px !important;}&#8221; icon_size=&#8221;31&#8243; line_height=&#8221;20&#8243;]<\/p>\n<p style=\"line-height: 20px;\">L&#8217;exp\u00e9rience d&#8217;un accident d&#8217;auto n&#8217;est jamais agr\u00e9able. Peu importe le moment o\u00f9 vous aurez besoin de nous, notre \u00e9quipe est l\u00e0 pour vous livrer un v\u00e9hicule de remplacement \u00e0 l&#8217;endroit de votre choix.<\/p>\n<p>[\/stm_icon_box][\/vc_column_inner][vc_column_inner width=&#8221;1\/4&#8243;][stm_icon_box title_holder=&#8221;h4&#8243; box_bg_color=&#8221;#ffffff&#8221; box_text_color=&#8221;#888888&#8243; box_text_color_hover=&#8221;#6e6e6e&#8221; icon_bg_color=&#8221;#3bd100&#8243; icon=&#8221;stm-rental-support_rent&#8221; icon_color=&#8221;#ffffff&#8221; title=&#8221;Service 24 heures&#8221; css=&#8221;.vc_custom_1562707218933{padding-top: 0px !important;padding-right: 0px !important;padding-bottom: 0px !important;padding-left: 0px !important;}&#8221; icon_size=&#8221;31&#8243; line_height=&#8221;20&#8243;]<\/p>\n<p style=\"line-height: 20px;\">En cas d&#8217;urgence, notre \u00e9quipe est \u00e0 votre disposition 24\/7. Nous livrerons une voiture de location \u00e0 l&#8217;endroit et au moment o\u00f9 vous en avez besoin.<\/p>\n<p>[\/stm_icon_box][\/vc_column_inner][\/vc_row_inner][\/vc_column][\/vc_row][vc_row el_class=&#8221;stm-fullwidth-with-parallax&#8221; css=&#8221;.vc_custom_1596404987424{margin-bottom: 0px !important;padding-bottom: 51px !important;background-color: #c6c3b4 !important;}&#8221; el_id=&#8221;vehicles&#8221;][vc_column][vc_custom_heading text=&#8221;CAT\u00c9GORIES DE V\u00c9HICULES&#8221; font_container=&#8221;tag:h2|font_size:30px|text_align:center|color:%23000000|line_height:50px&#8221; use_theme_fonts=&#8221;yes&#8221; css=&#8221;.vc_custom_1562612916083{margin-top: 68px !important;margin-bottom: 51px !important;}&#8221;][stm_car_class_grid posts_per_page=&#8221;6&#8243;][\/vc_column][\/vc_row][vc_row full_width=&#8221;stretch_row&#8221; equal_height=&#8221;yes&#8221; css=&#8221;.vc_custom_1687270804144{background-color: #000000 !important;}&#8221;][vc_column width=&#8221;1\/2&#8243; offset=&#8221;vc_col-lg-offset-0&#8243; el_class=&#8221;stm-stretch-image-left&#8221;][vc_single_image image=&#8221;2100&#8243; img_size=&#8221;full&#8221; alignment=&#8221;center&#8221;][\/vc_column][vc_column width=&#8221;1\/2&#8243;][vc_custom_heading text=&#8221;Location de v\u00e9hicules de luxe&#8221; font_container=&#8221;tag:h3|font_size:30px|text_align:left|line_height:30px&#8221; use_theme_fonts=&#8221;yes&#8221;][vc_column_text]<span style=\"color: #ffffff;\"><span style=\"caret-color: #ffffff; font-size: 14px; letter-spacing: 0.5px;\">Vous cherchez une exp\u00e9rience VIP ? Notre s\u00e9lection de v\u00e9hicules de luxe vous int\u00e9ressera! Que ce soit pour une fin de semaine ou une occasion sp\u00e9ciale, vous trouverez une voiture exotique \u00e0 louer. Contactez-nous pour en savoir plus sur les options qu&#8217;on propose. \u00a0<\/span><\/span>[\/vc_column_text][stm_icon_button align=&#8221;center&#8221; box_bg_color=&#8221;#3bd100&#8243; link=&#8221;url:https%3A%2F%2Fwww.louelauto.com%2Fluxury-car-rental%2F|title:En%20Savoir%20Plus&#8221;][\/vc_column][\/vc_row][vc_row full_width=&#8221;stretch_row&#8221; equal_height=&#8221;yes&#8221; css=&#8221;.vc_custom_1687271346502{background-color: #000000 !important;}&#8221;][vc_column width=&#8221;1\/2&#8243; el_class=&#8221;stm-stretch-image-left&#8221; offset=&#8221;vc_col-lg-offset-0&#8243;][vc_single_image image=&#8221;2097&#8243; img_size=&#8221;full&#8221; alignment=&#8221;center&#8221;][\/vc_column][vc_column width=&#8221;1\/2&#8243;][vc_custom_heading text=&#8221;Location de camions&#8221; font_container=&#8221;tag:h3|font_size:30px|text_align:left|color:%23ffffff|line_height:30px&#8221; use_theme_fonts=&#8221;yes&#8221;][vc_column_text]<span style=\"color: #ffffff; font-size: 14px; line-height: 24px; letter-spacing: 0.5px;\">Vous d\u00e9m\u00e9nagez? Besoin de transporter des meubles ou des appareils \u00e9lectrom\u00e9nagers? Nous avons une s\u00e9lection de camions et v\u00e9hicules utilitaires pour r\u00e9pondre \u00e0 vos besoins. Appelez-nous pour en savoir plus!<\/span>[\/vc_column_text][stm_icon_button align=&#8221;center&#8221; box_bg_color=&#8221;#3bd100&#8243; link=&#8221;url:tel%3A5146941037|title:Appelez-Nous&#8221;][\/vc_column][\/vc_row][vc_row full_width=&#8221;stretch_row_content_no_spaces&#8221; equal_height=&#8221;yes&#8221; css=&#8221;.vc_custom_1578570991659{background-color: #e5e5e5 !important;}&#8221; el_id=&#8221;stm_magic_cta&#8221;][vc_column width=&#8221;1\/3&#8243; css=&#8221;.vc_custom_1583710160759{background-image: url(https:\/\/www.louelauto.com\/wp-content\/uploads\/2020\/03\/corporate-rate-car-rental.jpg?id=881) !important;background-position: center !important;background-repeat: no-repeat !important;background-size: cover !important;}&#8221;][vc_custom_heading text=&#8221;Taux Corporatifs&#8221; font_container=&#8221;tag:h3|text_align:center&#8221; use_theme_fonts=&#8221;yes&#8221;][vc_column_text]<\/p>\n<p style=\"text-align: center;\"><strong>Informez-vous sur nos offres exclusives!<\/strong><\/p>\n<p>[\/vc_column_text][stm_icon_button align=&#8221;center&#8221; box_bg_color=&#8221;#3bd100&#8243; link=&#8221;url:tel%3A5146941037|title:Plus%20de%20D%C3%A9tails|target:%20_blank|rel:nofollow&#8221;][\/vc_column][vc_column width=&#8221;1\/3&#8243; css=&#8221;.vc_custom_1763562317211{background-image: url(https:\/\/www.louelauto.com\/wp-content\/uploads\/2025\/11\/weekend-rental-specials-mini.jpg?id=2103) !important;background-position: center !important;background-repeat: no-repeat !important;background-size: cover !important;}&#8221;][vc_custom_heading text=&#8221;Promotions Fin de Semaine&#8221; font_container=&#8221;tag:h3|text_align:center&#8221; use_theme_fonts=&#8221;yes&#8221;][vc_column_text]<\/p>\n<p style=\"text-align: center;\"><strong>\u00a0\u00c9conomisez sur votre location<\/strong><\/p>\n<p>[\/vc_column_text][stm_icon_button align=&#8221;center&#8221; box_bg_color=&#8221;#3bd100&#8243; link=&#8221;url:tel%3A5146941037|title:En%20Savoir%20Plus|target:%20_blank|rel:nofollow&#8221;][\/vc_column][vc_column width=&#8221;1\/3&#8243; css=&#8221;.vc_custom_1763562277868{background-image: url(https:\/\/www.louelauto.com\/wp-content\/uploads\/2025\/11\/covid-measures-1-mini.jpg?id=2105) !important;background-position: center !important;background-repeat: no-repeat !important;background-size: cover !important;}&#8221;][vc_custom_heading text=&#8221;V\u00e9hicules Neuves et Nettoy\u00e9s&#8221; font_container=&#8221;tag:h3|text_align:center&#8221; use_theme_fonts=&#8221;yes&#8221;][vc_column_text]<\/p>\n<p style=\"text-align: center;\"><strong>Nous prenons notre temps pour assurer la livraison de v\u00e9hicules bien nettoy\u00e9s.\u00a0<\/strong><\/p>\n<p>[\/vc_column_text][\/vc_column][\/vc_row][vc_row][vc_column][\/vc_column][\/vc_row][vc_row full_width=&#8221;stretch_row&#8221; equal_height=&#8221;yes&#8221; css=&#8221;.vc_custom_1562600043433{background-color: #000000 !important;}&#8221; el_id=&#8221;aboutus&#8221;][vc_column width=&#8221;1\/2&#8243; css=&#8221;.vc_custom_1484197311087{padding-top: 51px !important;padding-bottom: 77px !important;}&#8221;][vc_custom_heading text=&#8221;\u00c0 PROPOS&#8221; font_container=&#8221;tag:h3|font_size:30px|text_align:left|color:%23ffffff|line_height:30px&#8221; use_theme_fonts=&#8221;yes&#8221; css=&#8221;.vc_custom_1562612534915{margin-bottom: 38px !important;}&#8221;][vc_column_text css=&#8221;.vc_custom_1562720183823{margin-bottom: 31px !important;}&#8221;]<span style=\"color: #ffffff; font-size: 14px; line-height: 24px; letter-spacing: 0.5px;\">Vous planifiez une visite \u00e0 Montr\u00e9al ou un court voyage en voiture? Nous avons la meilleure s\u00e9lection de voitures \u00e0 louer pour combler \u00e0 vos besoins particuliers. Service de ramassage de l&#8217;A\u00e9roport de Montr\u00e9al est disponible pour les voyageurs!<br \/>\nNous sp\u00e9cialisons dans le service de voiture de remplacement pour les cas d&#8217;assurance. Dans un accident? Laissez-nous vous aider \u00e0 poursuivre vos travaux quotidiennes sans complications. Une voiture de remplacement vous sera livr\u00e9 directement \u00e0 l&#8217;endroit de votre choix. Nous nous occupons \u00e0 communiquer avec votre assureur. Ayez l&#8217;esprit tranquille pendant que votre voiture soit r\u00e9par\u00e9e! En cas d&#8217;urgence, nous sommes disponible 24\/7 pour livrer votre v\u00e9hicule de remplacement sans d\u00e9lai.<\/span>[\/vc_column_text][\/vc_column][vc_column width=&#8221;1\/2&#8243; css=&#8221;.vc_custom_1763562410557{background-image: url(https:\/\/www.louelauto.com\/wp-content\/uploads\/2025\/11\/shutterstock_739673524-mini.jpg?id=2095) !important;}&#8221; el_class=&#8221;stm-stretch-image-right&#8221;][\/vc_column][\/vc_row][vc_row full_width=&#8221;stretch_row&#8221; css=&#8221;.vc_custom_1562600472385{background-color: #3bd100 !important;}&#8221; el_id=&#8221;contacts&#8221;][vc_column][stm_call_to_action_2 call_to_action_icon_right=&#8221;stm-icon-phone2&#8243; call_to_action_color=&#8221;#3bd100&#8243; call_to_action_text_color=&#8221;#000000&#8243; call_to_action_label_right=&#8221;514-694-1037&#8243; css=&#8221;.vc_custom_1583710506245{padding-right: 0px !important;padding-left: 0px !important;}&#8221; link=&#8221;url:mailto%3Ainfo%40louelauto.com|title:Courriel||&#8221; call_to_action_label=&#8221;On est l\u00e0 pour r\u00e9pondre&#8230;&#8221; call_to_action_label_2=&#8221;Question?&#8221;][\/vc_column][\/vc_row][vc_row full_width=&#8221;stretch_row_content_no_spaces&#8221;][vc_column][stm_offices_map map_height=&#8221;548&#8243; pin=&#8221;520&#8243;][\/vc_column][\/vc_row]<\/p>\n<\/div>","protected":false},"excerpt":{"rendered":"<p>[vc_row full_width=&#8221;stretch_row&#8221; content_placement=&#8221;middle&#8221; css_animation=&#8221;flipInY&#8221; css=&#8221;.vc_custom_1766083092040{margin-bottom: 30px !important;padding-top: 120px !important;padding-bottom: 70px !important;background: #e5e5e5 url(https:\/\/www.louelauto.com\/wp-content\/uploads\/2025\/12\/louehero.jpg?id=2134) !important;background-position: center !important;background-repeat: no-repeat !important;background-size: cover !important;}&#8221; el_class=&#8221;stm-background-centered&#8221;][vc_column width=&#8221;5\/12&#8243; offset=&#8221;vc_col-lg-12 vc_col-md-12 vc_col-xs-12&#8243;][stm_rent_car_form disable_saturday=&#8221;enable&#8221; disable_sunday=&#8221;pickup&#8221; align=&#8221;text-center&#8221; disable_weekends=&#8221;true&#8221; office_right=&#8221;true&#8221; office_working_hours=&#8221;08:30, 09:00, 10:00, 11:00, 12:00, 13:00, 14:00, 15:00, 16:00, 17:00&#8243; office_weekends_working_hours=&#8221;9:00, 10:00, 11:00, 12:00, 13:00, 14:00, 15:00, 16:00, 17:00&#8243;][\/vc_column][\/vc_row][vc_row full_width=&#8221;stretch_row&#8221; content_placement=&#8221;middle&#8221; css_animation=&#8221;flipInY&#8221; disable_element=&#8221;yes&#8221; css=&#8221;.vc_custom_1578473802774{margin-bottom: 30px&#8230;<\/p>\n","protected":false},"author":1,"featured_media":0,"parent":0,"menu_order":0,"comment_status":"closed","ping_status":"closed","template":"","meta":{"_acf_changed":false,"footnotes":""},"class_list":["post-645","page","type-page","status-publish","hentry"],"acf":[],"_links":{"self":[{"href":"https:\/\/www.louelauto.com\/fr\/wp-json\/wp\/v2\/pages\/645","targetHints":{"allow":["GET"]}}],"collection":[{"href":"https:\/\/www.louelauto.com\/fr\/wp-json\/wp\/v2\/pages"}],"about":[{"href":"https:\/\/www.louelauto.com\/fr\/wp-json\/wp\/v2\/types\/page"}],"author":[{"embeddable":true,"href":"https:\/\/www.louelauto.com\/fr\/wp-json\/wp\/v2\/users\/1"}],"replies":[{"embeddable":true,"href":"https:\/\/www.louelauto.com\/fr\/wp-json\/wp\/v2\/comments?post=645"}],"version-history":[{"count":7,"href":"https:\/\/www.louelauto.com\/fr\/wp-json\/wp\/v2\/pages\/645\/revisions"}],"predecessor-version":[{"id":2136,"href":"https:\/\/www.louelauto.com\/fr\/wp-json\/wp\/v2\/pages\/645\/revisions\/2136"}],"wp:attachment":[{"href":"https:\/\/www.louelauto.com\/fr\/wp-json\/wp\/v2\/media?parent=645"}],"curies":[{"name":"wp","href":"https:\/\/api.w.org\/{rel}","templated":true}]}}